{"id":6335,"date":"2022-05-03T18:21:02","date_gmt":"2022-05-03T18:21:02","guid":{"rendered":"https:\/\/hollandhouseboat.eu\/kontakt\/"},"modified":"2024-12-10T17:10:47","modified_gmt":"2024-12-10T17:10:47","slug":"kontakt","status":"publish","type":"page","link":"https:\/\/hollandhouseboat.eu\/de\/kontakt\/","title":{"rendered":"KONTAKT"},"content":{"rendered":"<p>[vc_row][vc_column][vc_empty_space height=&#8220;140px&#8220;][\/vc_column][\/vc_row][vc_row content_width=&#8220;grid&#8220;][vc_column width=&#8220;1\/2&#8243;][vc_column_text][\/vc_column_text][vc_empty_space height=&#8220;21&#8243;][vc_single_image image=&#8220;6948&#8243; img_size=&#8220;large&#8220;][\/vc_column][vc_column width=&#8220;1\/2&#8243;][vc_column_text]<\/p>\n<h4>KONTAKTDATEN<\/h4>\n<p>[\/vc_column_text][vc_empty_space height=&#8220;21&#8243;][vc_column_text]W\u00fcnschen Sie weitere Informationen oder m\u00f6chten Sie die Boote von Holland Houseboat selbst besichtigen? Dann k\u00f6nnen Sie sich jederzeit an uns wenden! Wir helfen Ihnen gerne. Nach Vereinbarung k\u00f6nnen Sie auch das Hausboot Holland in Lemmer besuchen.[\/vc_column_text][vc_empty_space height=&#8220;25&#8243;]<div class=\"edgtf-icon-list-item\">\n\t<div class=\"edgtf-icon-list-icon-holder\">\n        <div class=\"edgtf-icon-list-icon-holder-inner clearfix\">\n\t\t\t<span aria-hidden=\"true\" class=\"edgtf-icon-font-elegant icon_house \" style=\"color:#333333;font-size:15px\" ><\/span>\t\t<\/div>\n\t<\/div>\n\t<p class=\"edgtf-icon-list-text\"  > Lissenveld 43a, 4941 VL Raamsdonksveer<\/p>\n<\/div>[vc_empty_space height=&#8220;25&#8243;]<div class=\"edgtf-icon-list-item\">\n\t<div class=\"edgtf-icon-list-icon-holder\">\n        <div class=\"edgtf-icon-list-icon-holder-inner clearfix\">\n\t\t\t<span aria-hidden=\"true\" class=\"edgtf-icon-font-elegant icon_mobile \" style=\"color:#333333;font-size:15px\" ><\/span>\t\t<\/div>\n\t<\/div>\n\t<p class=\"edgtf-icon-list-text\"  > +31 (0)6 50 22 25 81<\/p>\n<\/div><div class=\"edgtf-icon-list-item\">\n\t<div class=\"edgtf-icon-list-icon-holder\">\n        <div class=\"edgtf-icon-list-icon-holder-inner clearfix\">\n\t\t\t<span aria-hidden=\"true\" class=\"edgtf-icon-font-elegant icon_phone \" style=\"color:#333333;font-size:15px\" ><\/span>\t\t<\/div>\n\t<\/div>\n\t<p class=\"edgtf-icon-list-text\"  > +31 (0)3 02 41 28 80<\/p>\n<\/div><div class=\"edgtf-icon-list-item\">\n\t<div class=\"edgtf-icon-list-icon-holder\">\n        <div class=\"edgtf-icon-list-icon-holder-inner clearfix\">\n\t\t\t<span aria-hidden=\"true\" class=\"edgtf-icon-font-elegant icon_mail \" style=\"color:#333333;font-size:15px\" ><\/span>\t\t<\/div>\n\t<\/div>\n\t<p class=\"edgtf-icon-list-text\"  > info@hollandhouseboat.eu<\/p>\n<\/div><div class=\"edgtf-icon-list-item\">\n\t<div class=\"edgtf-icon-list-icon-holder\">\n        <div class=\"edgtf-icon-list-icon-holder-inner clearfix\">\n\t\t\t<span aria-hidden=\"true\" class=\"edgtf-icon-font-elegant icon_folder \" style=\"color:#333333;font-size:15px\" ><\/span>\t\t<\/div>\n\t<\/div>\n\t<p class=\"edgtf-icon-list-text\"  > KVK 30244148<\/p>\n<\/div>[vc_empty_space height=&#8220;25&#8243;]\n<div class=\"wpcf7 no-js\" id=\"wpcf7-f552-o1\" lang=\"nl-NL\" dir=\"ltr\" data-wpcf7-id=\"552\">\n<div class=\"screen-reader-response\"><p role=\"status\" aria-live=\"polite\" aria-atomic=\"true\"><\/p> <ul><\/ul><\/div>\n<form action=\"\/de\/wp-json\/wp\/v2\/pages\/6335#wpcf7-f552-o1\" method=\"post\" class=\"wpcf7-form init cf7_custom_style_1 721a76a47c8c cmatic-conn cmatic-aud-3 cmatic-mapd0-0 cmatic-v097802 cmatic-sent-0 cmatic-total-456\" aria-label=\"Contactformulier\" novalidate=\"novalidate\" data-status=\"init\">\n<fieldset class=\"hidden-fields-container\"><input type=\"hidden\" name=\"_wpcf7\" value=\"552\" \/><input type=\"hidden\" name=\"_wpcf7_version\" value=\"6.1.5\" \/><input type=\"hidden\" name=\"_wpcf7_locale\" value=\"nl_NL\" \/><input type=\"hidden\" name=\"_wpcf7_unit_tag\" value=\"wpcf7-f552-o1\" \/><input type=\"hidden\" name=\"_wpcf7_container_post\" value=\"0\" \/><input type=\"hidden\" name=\"_wpcf7_posted_data_hash\" value=\"\" \/><input type=\"hidden\" name=\"_wpcf7_recaptcha_response\" value=\"\" \/>\n<\/fieldset>\n<div class=\"edgtf-two-columns-50-50-small clearfix\">\n\t<div class=\"edgtf-two-columns-50-50-inner\">\n\t\t<div class=\"edgtf-column\">\n\t\t\t<div class=\"edgtf-column-inner\">\n\t\t\t\t<p><span class=\"wpcf7-form-control-wrap\" data-name=\"your-name\"><input size=\"40\" maxlength=\"400\" class=\"wpcf7-form-control wpcf7-text wpcf7-validates-as-required\" aria-required=\"true\" aria-invalid=\"false\" placeholder=\"Uw naam\" value=\"\" type=\"text\" name=\"your-name\" \/><\/span>\n\t\t\t\t<\/p>\n\t\t\t<\/div>\n\t\t<\/div>\n\t\t<div class=\"edgtf-column\">\n\t\t\t<div class=\"edgtf-column-inner\">\n\t\t\t\t<p><span class=\"wpcf7-form-control-wrap\" data-name=\"your-email\"><input size=\"40\" maxlength=\"400\" class=\"wpcf7-form-control wpcf7-email wpcf7-validates-as-required wpcf7-text wpcf7-validates-as-email\" aria-required=\"true\" aria-invalid=\"false\" placeholder=\"Uw email\" value=\"\" type=\"email\" name=\"your-email\" \/><\/span>\n\t\t\t\t<\/p>\n\t\t\t<\/div>\n\t\t<\/div>\n\t<\/div>\n<\/div>\n<p><span class=\"wpcf7-form-control-wrap\" data-name=\"message\"><textarea cols=\"40\" rows=\"10\" maxlength=\"2000\" class=\"wpcf7-form-control wpcf7-textarea wpcf7-validates-as-required\" aria-required=\"true\" aria-invalid=\"false\" placeholder=\"Uw bericht\" name=\"message\"><\/textarea><\/span>\n<\/p>\n<p><input class=\"wpcf7-form-control wpcf7-submit has-spinner\" type=\"submit\" value=\"VERZENDEN\" \/>\n<\/p><p style=\"display: none !important;\" class=\"akismet-fields-container\" data-prefix=\"_wpcf7_ak_\"><label>&#916;<textarea name=\"_wpcf7_ak_hp_textarea\" cols=\"45\" rows=\"8\" maxlength=\"100\"><\/textarea><\/label><input type=\"hidden\" id=\"ak_js_1\" name=\"_wpcf7_ak_js\" value=\"99\"\/><script type=\"text\/javascript\">\n\/* <![CDATA[ *\/\ndocument.getElementById( \"ak_js_1\" ).setAttribute( \"value\", ( new Date() ).getTime() );\n\/* ]]> *\/\n<\/script>\n<\/p><div class=\"wpcf7-response-output\" aria-hidden=\"true\"><\/div>\n<\/form>\n<\/div>\n[\/vc_column][\/vc_row][vc_row][vc_column][vc_empty_space height=&#8220;100px&#8220;]<div class=\"edgtf-google-map-holder\">\n\t<div class=\"edgtf-google-map\" id=\"edgtf-map-744647\" data-addresses='[\"Lisseveld 43a 4941 VL Raamsdonksveer\"]' data-custom-map-style=true data-color-overlay=#46abd6 data-saturation=-70 data-lightness=0 data-zoom=13 data-pin=https:\/\/hollandhouseboat.eu\/wp-content\/uploads\/2022\/05\/1200px-Google_Maps_pin.svg_-e1652115855363.png data-unique-id=744647 data-scroll-wheel=false data-height=550><\/div>\n\t\t\t<div class=\"edgtf-google-map-overlay\"><\/div>\n\t<\/div>\n[\/vc_column][\/vc_row]<\/p>\n","protected":false},"excerpt":{"rendered":"<p>[vc_row][vc_column][vc_empty_space height=&#8220;140px&#8220;][\/vc_column][\/vc_row][vc_row content_width=&#8220;grid&#8220;][vc_column width=&#8220;1\/2&#8243;][vc_column_text][\/vc_column_text][vc_empty_space height=&#8220;21&#8243;][vc_single_image image=&#8220;6948&#8243; img_size=&#8220;large&#8220;][\/vc_column][vc_column width=&#8220;1\/2&#8243;][vc_column_text] KONTAKTDATEN [\/vc_column_text][vc_empty_space height=&#8220;21&#8243;][vc_column_text]W\u00fcnschen Sie weitere Informationen oder m\u00f6chten Sie die Boote von Holland Houseboat selbst besichtigen? Dann k\u00f6nnen Sie sich jederzeit an uns wenden! Wir helfen Ihnen gerne. Nach Vereinbarung k\u00f6nnen Sie auch das Hausboot Holland in [&hellip;]<\/p>\n","protected":false},"author":1,"featured_media":0,"parent":0,"menu_order":0,"comment_status":"closed","ping_status":"closed","template":"full-width.php","meta":{"_monsterinsights_skip_tracking":false,"_monsterinsights_sitenote_active":false,"_monsterinsights_sitenote_note":"","_monsterinsights_sitenote_category":0,"footnotes":""},"class_list":["post-6335","page","type-page","status-publish","hentry"],"yoast_head":"<!-- This site is optimized with the Yoast SEO plugin v27.4 - https:\/\/yoast.com\/product\/yoast-seo-wordpress\/ -->\n<title>KONTAKT - Holland Houseboat<\/title>\n<meta name=\"robots\" content=\"index, follow, max-snippet:-1, max-image-preview:large, max-video-preview:-1\" \/>\n<link rel=\"canonical\" href=\"https:\/\/hollandhouseboat.eu\/de\/kontakt\/\" \/>\n<meta property=\"og:locale\" content=\"de_DE\" \/>\n<meta property=\"og:type\" content=\"article\" \/>\n<meta property=\"og:title\" content=\"KONTAKT - Holland Houseboat\" \/>\n<meta property=\"og:description\" content=\"[vc_row][vc_column][vc_empty_space height=&#8220;140px&#8220;][\/vc_column][\/vc_row][vc_row content_width=&#8220;grid&#8220;][vc_column width=&#8220;1\/2&#8243;][vc_column_text][\/vc_column_text][vc_empty_space height=&#8220;21&#8243;][vc_single_image image=&#8220;6948&#8243; img_size=&#8220;large&#8220;][\/vc_column][vc_column width=&#8220;1\/2&#8243;][vc_column_text] KONTAKTDATEN [\/vc_column_text][vc_empty_space height=&#8220;21&#8243;][vc_column_text]W\u00fcnschen Sie weitere Informationen oder m\u00f6chten Sie die Boote von Holland Houseboat selbst besichtigen? Dann k\u00f6nnen Sie sich jederzeit an uns wenden! Wir helfen Ihnen gerne. Nach Vereinbarung k\u00f6nnen Sie auch das Hausboot Holland in [&hellip;]\" \/>\n<meta property=\"og:url\" content=\"https:\/\/hollandhouseboat.eu\/de\/kontakt\/\" \/>\n<meta property=\"og:site_name\" content=\"Holland Houseboat\" \/>\n<meta property=\"article:modified_time\" content=\"2024-12-10T17:10:47+00:00\" \/>\n<meta name=\"twitter:card\" content=\"summary_large_image\" \/>\n<meta name=\"twitter:label1\" content=\"Gesch\u00e4tzte Lesezeit\" \/>\n\t<meta name=\"twitter:data1\" content=\"1\u00a0Minute\" \/>\n<script type=\"application\/ld+json\" class=\"yoast-schema-graph\">{\"@context\":\"https:\\\/\\\/schema.org\",\"@graph\":[{\"@type\":\"WebPage\",\"@id\":\"https:\\\/\\\/hollandhouseboat.eu\\\/de\\\/kontakt\\\/\",\"url\":\"https:\\\/\\\/hollandhouseboat.eu\\\/de\\\/kontakt\\\/\",\"name\":\"KONTAKT - Holland Houseboat\",\"isPartOf\":{\"@id\":\"https:\\\/\\\/hollandhouseboat.eu\\\/#website\"},\"datePublished\":\"2022-05-03T18:21:02+00:00\",\"dateModified\":\"2024-12-10T17:10:47+00:00\",\"breadcrumb\":{\"@id\":\"https:\\\/\\\/hollandhouseboat.eu\\\/de\\\/kontakt\\\/#breadcrumb\"},\"inLanguage\":\"de\",\"potentialAction\":[{\"@type\":\"ReadAction\",\"target\":[\"https:\\\/\\\/hollandhouseboat.eu\\\/de\\\/kontakt\\\/\"]}]},{\"@type\":\"BreadcrumbList\",\"@id\":\"https:\\\/\\\/hollandhouseboat.eu\\\/de\\\/kontakt\\\/#breadcrumb\",\"itemListElement\":[{\"@type\":\"ListItem\",\"position\":1,\"name\":\"Home\",\"item\":\"https:\\\/\\\/hollandhouseboat.eu\\\/de\\\/main-home\\\/\"},{\"@type\":\"ListItem\",\"position\":2,\"name\":\"KONTAKT\"}]},{\"@type\":\"WebSite\",\"@id\":\"https:\\\/\\\/hollandhouseboat.eu\\\/#website\",\"url\":\"https:\\\/\\\/hollandhouseboat.eu\\\/\",\"name\":\"Holland Houseboat\",\"description\":\"\",\"potentialAction\":[{\"@type\":\"SearchAction\",\"target\":{\"@type\":\"EntryPoint\",\"urlTemplate\":\"https:\\\/\\\/hollandhouseboat.eu\\\/?s={search_term_string}\"},\"query-input\":{\"@type\":\"PropertyValueSpecification\",\"valueRequired\":true,\"valueName\":\"search_term_string\"}}],\"inLanguage\":\"de\"}]}<\/script>\n<!-- \/ Yoast SEO plugin. -->","yoast_head_json":{"title":"KONTAKT - Holland Houseboat","robots":{"index":"index","follow":"follow","max-snippet":"max-snippet:-1","max-image-preview":"max-image-preview:large","max-video-preview":"max-video-preview:-1"},"canonical":"https:\/\/hollandhouseboat.eu\/de\/kontakt\/","og_locale":"de_DE","og_type":"article","og_title":"KONTAKT - Holland Houseboat","og_description":"[vc_row][vc_column][vc_empty_space height=&#8220;140px&#8220;][\/vc_column][\/vc_row][vc_row content_width=&#8220;grid&#8220;][vc_column width=&#8220;1\/2&#8243;][vc_column_text][\/vc_column_text][vc_empty_space height=&#8220;21&#8243;][vc_single_image image=&#8220;6948&#8243; img_size=&#8220;large&#8220;][\/vc_column][vc_column width=&#8220;1\/2&#8243;][vc_column_text] KONTAKTDATEN [\/vc_column_text][vc_empty_space height=&#8220;21&#8243;][vc_column_text]W\u00fcnschen Sie weitere Informationen oder m\u00f6chten Sie die Boote von Holland Houseboat selbst besichtigen? Dann k\u00f6nnen Sie sich jederzeit an uns wenden! Wir helfen Ihnen gerne. Nach Vereinbarung k\u00f6nnen Sie auch das Hausboot Holland in [&hellip;]","og_url":"https:\/\/hollandhouseboat.eu\/de\/kontakt\/","og_site_name":"Holland Houseboat","article_modified_time":"2024-12-10T17:10:47+00:00","twitter_card":"summary_large_image","twitter_misc":{"Gesch\u00e4tzte Lesezeit":"1\u00a0Minute"},"schema":{"@context":"https:\/\/schema.org","@graph":[{"@type":"WebPage","@id":"https:\/\/hollandhouseboat.eu\/de\/kontakt\/","url":"https:\/\/hollandhouseboat.eu\/de\/kontakt\/","name":"KONTAKT - Holland Houseboat","isPartOf":{"@id":"https:\/\/hollandhouseboat.eu\/#website"},"datePublished":"2022-05-03T18:21:02+00:00","dateModified":"2024-12-10T17:10:47+00:00","breadcrumb":{"@id":"https:\/\/hollandhouseboat.eu\/de\/kontakt\/#breadcrumb"},"inLanguage":"de","potentialAction":[{"@type":"ReadAction","target":["https:\/\/hollandhouseboat.eu\/de\/kontakt\/"]}]},{"@type":"BreadcrumbList","@id":"https:\/\/hollandhouseboat.eu\/de\/kontakt\/#breadcrumb","itemListElement":[{"@type":"ListItem","position":1,"name":"Home","item":"https:\/\/hollandhouseboat.eu\/de\/main-home\/"},{"@type":"ListItem","position":2,"name":"KONTAKT"}]},{"@type":"WebSite","@id":"https:\/\/hollandhouseboat.eu\/#website","url":"https:\/\/hollandhouseboat.eu\/","name":"Holland Houseboat","description":"","potentialAction":[{"@type":"SearchAction","target":{"@type":"EntryPoint","urlTemplate":"https:\/\/hollandhouseboat.eu\/?s={search_term_string}"},"query-input":{"@type":"PropertyValueSpecification","valueRequired":true,"valueName":"search_term_string"}}],"inLanguage":"de"}]}},"_links":{"self":[{"href":"https:\/\/hollandhouseboat.eu\/de\/wp-json\/wp\/v2\/pages\/6335","targetHints":{"allow":["GET"]}}],"collection":[{"href":"https:\/\/hollandhouseboat.eu\/de\/wp-json\/wp\/v2\/pages"}],"about":[{"href":"https:\/\/hollandhouseboat.eu\/de\/wp-json\/wp\/v2\/types\/page"}],"author":[{"embeddable":true,"href":"https:\/\/hollandhouseboat.eu\/de\/wp-json\/wp\/v2\/users\/1"}],"replies":[{"embeddable":true,"href":"https:\/\/hollandhouseboat.eu\/de\/wp-json\/wp\/v2\/comments?post=6335"}],"version-history":[{"count":15,"href":"https:\/\/hollandhouseboat.eu\/de\/wp-json\/wp\/v2\/pages\/6335\/revisions"}],"predecessor-version":[{"id":7119,"href":"https:\/\/hollandhouseboat.eu\/de\/wp-json\/wp\/v2\/pages\/6335\/revisions\/7119"}],"wp:attachment":[{"href":"https:\/\/hollandhouseboat.eu\/de\/wp-json\/wp\/v2\/media?parent=6335"}],"curies":[{"name":"wp","href":"https:\/\/api.w.org\/{rel}","templated":true}]}}